{"id":12,"date":"2020-06-12T15:25:54","date_gmt":"2020-06-12T14:25:54","guid":{"rendered":"https:\/\/virtualhome360.pt\/?page_id=12"},"modified":"2026-03-12T16:10:10","modified_gmt":"2026-03-12T16:10:10","slug":"home","status":"publish","type":"page","link":"https:\/\/virtualhome360.pt\/es\/","title":{"rendered":"Hogar"},"content":{"rendered":"<div class=\"et_pb_section_0 et_pb_section et_section_regular et_flex_section\">\n<div class=\"et_pb_row_0 et_pb_row et_flex_row\">\n<div class=\"et_pb_column_0 et_pb_column et-last-child et_flex_column et_pb_css_mix_blend_mode_passthrough et_flex_column_24_24 et_flex_column_24_24_tablet et_flex_column_24_24_phone et_flex_column_24_24_phoneWide et_flex_column_24_24_tabletWide\">\n<div class=\"et_pb_text_0 et_pb_text et_pb_bg_layout_light et_pb_module et_flex_module\"><div class=\"et_pb_text_inner\">\n<\/div><\/div>\n<\/div>\n<\/div>\n<\/div>\n\n<div class=\"et_pb_section_1 et_pb_section et_section_regular et_flex_section\">\n<div class=\"et_pb_row_1 et_pb_row et_flex_row\">\n<div class=\"et_pb_column_1 et_pb_column et-last-child et_flex_column et_pb_css_mix_blend_mode_passthrough et_flex_column_24_24 et_flex_column_24_24_tablet et_flex_column_24_24_phone et_flex_column_24_24_phoneWide et_flex_column_24_24_tabletWide\">\n<div class=\"et_pb_text_1 et_pb_text et_pb_bg_layout_light et_pb_module et_flex_module\"><div class=\"et_pb_text_inner\">\n<\/div><\/div>\n<\/div>\n<\/div>\n\n<div class=\"et_pb_row_2 et_pb_row et_flex_row\">\n<div class=\"et_pb_column_2 et_pb_column et-last-child et_flex_column et_pb_css_mix_blend_mode_passthrough et_flex_column_24_24 et_flex_column_24_24_tablet et_flex_column_24_24_phone et_flex_column_24_24_phoneWide et_flex_column_24_24_tabletWide\">\n<div class=\"et_pb_text_2 et_pb_text et_pb_bg_layout_light et_pb_module et_flex_module\"><div class=\"et_pb_text_inner\">\n<\/div><\/div>\n<\/div>\n<\/div>\n<\/div>\n\n<div class=\"et_pb_section_2 et_pb_section et_section_regular et_block_section\">\n<div class=\"et_pb_row_3 et_pb_row et_flex_row\">\n<div class=\"et_pb_column_3 et_pb_column et_block_column et_pb_css_mix_blend_mode_passthrough et_flex_column_12_24 et_flex_column_12_24_tablet et_flex_column_24_24_phone et_flex_column_24_24_phoneWide et_flex_column_12_24_tabletWide\">\n<div class=\"et_pb_heading_0 et_pb_heading et_pb_module et_flex_module\"><div class=\"et_pb_heading_container\"><h4 class=\"et_pb_module_header\">APP WEB<\/h4><\/div><\/div>\n\n<div class=\"et_pb_heading_1 et_pb_heading et_pb_module et_flex_module\"><div class=\"et_pb_heading_container\"><h2 class=\"et_pb_module_header\">Preguntas y respuestas frecuentes<\/h2><\/div><\/div>\n\n<div class=\"et_pb_text_3 et_pb_text et_pb_bg_layout_light et_pb_module et_flex_module\"><div class=\"et_pb_text_inner\"><p><span>O Virtual Home 360 Es la alternativa portuguesa a las famosas plataformas internacionales, m\u00e1s econ\u00f3mica, m\u00e1s cercana y con todo el apoyo que necesitas. <\/span>No dude en ponerse en contacto con nosotros si necesita m\u00e1s informaci\u00f3n sobre nuestros productos y servicios.<\/p>\n<\/div><\/div>\n<\/div>\n\n<div class=\"et_pb_column_4 et_pb_column et-last-child et_block_column et_pb_css_mix_blend_mode_passthrough et_flex_column_12_24 et_flex_column_12_24_tablet et_flex_column_24_24_phone et_flex_column_24_24_phoneWide et_flex_column_12_24_tabletWide\">\n<div class=\"dipi_faq_0 dipi_faq et_pb_bg_layout_light et_pb_module\"><div class=\"dipi-faq-wrapper dipi-faq-accordion loading\" style=\"display: none;\" data-config=\"{&quot;layout&quot;:&quot;accordion&quot;,&quot;close_all&quot;:true}\">\n\t\t\t\t<script type=\"application\/ld+json\">{\"@context\":\"https:\\\/\\\/schema.org\",\"@type\":\"FAQPage\",\"@id\":\"https:\\\/\\\/virtualhome360.pt\\\/es\\\/\",\"mainEntity\":[{\"@type\":\"Question\",\"name\":\"Quais as vantagens de um tour virtual?\",\"acceptedAnswer\":{\"@type\":\"Answer\",\"text\":\"<p>Ao possibilitar a visita ao im\\u00f3vel de forma remota economiza tempo e dinheiro para todas as partes envolvidas no processo de compra e venda e ainda multiplica, potencialmente, o n\\u00famero de visitas efetuadas num mesmo espa\\u00e7o temporal. Al\\u00e9m disso, passa a poder chegar a visitantes de outras paragens expandindo assim o alcance geogr\\u00e1fico. Tudo isto com o prop\\u00f3sito de acelerar o processo de venda, pois clientes que j\\u00e1 tenham visitado virtualmente o im\\u00f3vel est\\u00e3o numa melhor posi\\u00e7\\u00e3o para realizar a compra. Muito importante tamb\\u00e9m \\u00e9 o selo de qualidade que um tour virtual atribui a um an\\u00fancio, melhorando o seu posicionamento tanto nas pesquisas como nos portais imobili\\u00e1rios.<\\\/p>\\n\"}},{\"@type\":\"Question\",\"name\":\"Qual o equipamento necess\\u00e1rio?\",\"acceptedAnswer\":{\"@type\":\"Answer\",\"text\":\"<p>Para tirar fotos de 360\\u00ba \\u00e9 necess\\u00e1ria uma c\\u00e2mara de 360\\u00ba. Pode utilizar o Virtual Home 360 com qualquer equipamento deste g\\u00e9nero dispon\\u00edvel no mercado.<\\\/p>\\n\"}},{\"@type\":\"Question\",\"name\":\"Quais s\\u00e3o os planos e pre\\u00e7os?\",\"acceptedAnswer\":{\"@type\":\"Answer\",\"text\":\"<p>Os planos come\\u00e7am nos \\u20ac60 (+IVA) anuais. Por favor consulte a <a href=\\\"https:\\\/\\\/loja.virtualhome360.pt\\\" target=\\\"_blank\\\" rel=\\\"noopener\\\">loja VH360<\\\/a> para mais informa\\u00e7\\u00f5es sobre planos e pre\\u00e7os. Teste a aplica\\u00e7\\u00e3o gratuitamente e sem compromisso durante 14 dias.<\\\/p>\\n\"}},{\"@type\":\"Question\",\"name\":\"Montam o meu tour?\",\"acceptedAnswer\":{\"@type\":\"Answer\",\"text\":\"<p>Sim, montamos o seu tour (<strong>MOST<\\\/strong>) caso solicite esse servi\\u00e7o ou tenha um plano <strong>MOST<\\\/strong>. Os cr\\u00e9ditos para o servi\\u00e7o <strong>MOST<\\\/strong> n\\u00e3o expiram e podem ser adquiridos na <a href=\\\"https:\\\/\\\/loja.virtualhome360.pt\\\" target=\\\"_blank\\\" rel=\\\"noopener\\\">loja Virtual Home 360.<\\\/a><\\\/p>\\n\"}},{\"@type\":\"Question\",\"name\":\"Vai funcionar com o meu CRM?\",\"acceptedAnswer\":{\"@type\":\"Answer\",\"text\":\"<p>Incluir um tour no CRM \\u00e9 um processo id\\u00eantico ao de utilizar um v\\u00eddeo. Se o CRM permite embutir v\\u00eddeos atrav\\u00e9s de links externos, n\\u00e3o haver\\u00e1 qualquer problema. No entanto, sugerimos que se informe junto do fornecedor de CRM relativamente a este assunto.<\\\/p>\\n\"}},{\"@type\":\"Question\",\"name\":\"Onde posso saber mais sobre as funcionalidades?\",\"acceptedAnswer\":{\"@type\":\"Answer\",\"text\":\"<p>O Info Blog Virtual Home 360 est\\u00e1 dispon\\u00edvel para todos os usu\\u00e1rios no menu de utilizador no canto superior direito da aplica\\u00e7\\u00e3o.<\\\/p>\\n\"}},{\"@type\":\"Question\",\"name\":\"Tours e espa\\u00e7o ilimitados?\",\"acceptedAnswer\":{\"@type\":\"Answer\",\"text\":\"<p>Contas ilimitadas n\\u00e3o apresentam limite ao n\\u00edvel do n\\u00famero total de tours ou do espa\\u00e7o que estes ocupam em disco. As contas ilimitadas permitem a cria\\u00e7\\u00e3o e manuten\\u00e7\\u00e3o de 15 tours mensalmente. Pressup\\u00f5e-se que seja feita uma utiliza\\u00e7\\u00e3o organizada e que os tours que n\\u00e3o s\\u00e3o mais necess\\u00e1rios sejam apagados de forma a manter o sistema optimizado para todos os utilizadores.<\\\/p>\\n\"}}]}<\/script><div class=\"dipi-faq-entry\" data-entry-number=\"0\">\n                        <div class=\"dipi-faq-title\"><i class=\"dipi-faq-icon-open\">K<\/i><i class=\"dipi-faq-icon-closed\">L<\/i><span>\u00bfCu\u00e1les son los beneficios de un tour virtual?<\/span><\/div>\n                        <div class=\"dipi-faq-content\"><p>Al hacer posible visitar la propiedad de forma remota, ahorra tiempo y dinero para todas las partes involucradas en el proceso de compra y venta y tambi\u00e9n potencialmente multiplica el n\u00famero de visitas realizadas en el mismo espacio de tiempo. Adem\u00e1s, podr\u00e1 llegar a visitantes de otros lugares, ampliando as\u00ed su alcance geogr\u00e1fico. Todo ello con el prop\u00f3sito de agilizar el proceso de venta, ya que los clientes que ya han visitado virtualmente la propiedad se encuentran en una mejor posici\u00f3n para realizar la compra. Muy importante es tambi\u00e9n el sello de calidad que un tour virtual atribuye a un anuncio, mejorando su posicionamiento tanto en b\u00fasquedas como en portales inmobiliarios.<\/p>\n<\/div>\n                    <\/div><div class=\"dipi-faq-entry\" data-entry-number=\"1\">\n                        <div class=\"dipi-faq-title\"><i class=\"dipi-faq-icon-open\">K<\/i><i class=\"dipi-faq-icon-closed\">L<\/i><span>\u00bfQu\u00e9 equipo se necesita?<\/span><\/div>\n                        <div class=\"dipi-faq-content\"><p>Para tomar fotos de 360o, se requiere una c\u00e1mara de 360o. Usted puede utilizar el Virtual Home 360 con cualquier equipo de este tipo disponible en el mercado.<\/p>\n<\/div>\n                    <\/div><div class=\"dipi-faq-entry\" data-entry-number=\"2\">\n                        <div class=\"dipi-faq-title\"><i class=\"dipi-faq-icon-open\">K<\/i><i class=\"dipi-faq-icon-closed\">L<\/i><span>\u00bfCu\u00e1les son los planes y precios?<\/span><\/div>\n                        <div class=\"dipi-faq-content\"><p>Los planes comienzan a partir de los 60 \u20ac anuales (+IVA). Por favor, consulte a <a href=\"https:\/\/loja.virtualhome360.pt\" target=\"_blank\" rel=\"noopener\">tienda VH360<\/a> Para m\u00e1s informaci\u00f3n sobre planes y precios. Pruebe la aplicaci\u00f3n de forma gratuita y sin compromiso durante 14 d\u00edas.<\/p>\n<\/div>\n                    <\/div><div class=\"dipi-faq-entry\" data-entry-number=\"3\">\n                        <div class=\"dipi-faq-title\"><i class=\"dipi-faq-icon-open\">K<\/i><i class=\"dipi-faq-icon-closed\">L<\/i><span>\u00bfOrganizan mi tour?<\/span><\/div>\n                        <div class=\"dipi-faq-content\"><p class=\" translation-block\">S\u00ed, organizamos tu tour (<strong>MOST<\/strong>) si solicitas este servicio o tienes un plan <strong>MOST<\/strong>. Los cr\u00e9ditos para el servicio <strong>MOST<\/strong> no caducan y se pueden adquirir en la <a href=\"https:\/\/loja.virtualhome360.pt\" target=\"_blank\" rel=\"noopener\">tienda virtual Home 360.<\/a><\/p>\n<\/div>\n                    <\/div><div class=\"dipi-faq-entry\" data-entry-number=\"4\">\n                        <div class=\"dipi-faq-title\"><i class=\"dipi-faq-icon-open\">K<\/i><i class=\"dipi-faq-icon-closed\">L<\/i><span>\u00bfFuncionar\u00e1 con mi CRM?<\/span><\/div>\n                        <div class=\"dipi-faq-content\"><p>Incluir un recorrido en CRM es el mismo proceso que usar un video. Si CRM le permite incrustar videos a trav\u00e9s de enlaces externos, no habr\u00e1 ning\u00fan problema. Sin embargo, le sugerimos que consulte con el proveedor de CRM sobre este asunto.<\/p>\n<\/div>\n                    <\/div><div class=\"dipi-faq-entry\" data-entry-number=\"5\">\n                        <div class=\"dipi-faq-title\"><i class=\"dipi-faq-icon-open\">K<\/i><i class=\"dipi-faq-icon-closed\">L<\/i><span>\u00bfD\u00f3nde puedo obtener m\u00e1s informaci\u00f3n sobre las funciones?<\/span><\/div>\n                        <div class=\"dipi-faq-content\"><p>El Info Blog Virtual Home 360 est\u00e1 disponible para todos los usuarios en el men\u00fa de usuario en la parte superior derecha de la aplicaci\u00f3n.<\/p>\n<\/div>\n                    <\/div><div class=\"dipi-faq-entry\" data-entry-number=\"6\">\n                        <div class=\"dipi-faq-title\"><i class=\"dipi-faq-icon-open\">K<\/i><i class=\"dipi-faq-icon-closed\">L<\/i><span>\u00bfVisitas y espacio ilimitados?<\/span><\/div>\n                        <div class=\"dipi-faq-content\"><p>Las cuentas ilimitadas no tienen l\u00edmite en el n\u00famero total de recorridos o el espacio que ocupan en el disco. Las cuentas ilimitadas permiten la creaci\u00f3n y mantenimiento de 15 tours al mes. Se asume que se hace un uso organizado y que los recorridos que ya no son necesarios se eliminan para mantener el sistema optimizado para todos los usuarios.<\/p>\n<\/div>\n                    <\/div>\n\t\t\t<\/div><\/div>\n<\/div>\n<\/div>\n<\/div>","protected":false},"excerpt":{"rendered":"<p>Todo lo necesario para presentar propiedades virtualmente con herramientas multimedia soportadas por la \u00faltima tecnolog\u00eda de inteligencia artificial.<\/p>","protected":false},"author":1,"featured_media":25957229,"parent":0,"menu_order":0,"comment_status":"closed","ping_status":"closed","template":"","meta":{"footnotes":""},"class_list":["post-12","page","type-page","status-publish","has-post-thumbnail","hentry"],"_links":{"self":[{"href":"https:\/\/virtualhome360.pt\/es\/wp-json\/wp\/v2\/pages\/12","targetHints":{"allow":["GET"]}}],"collection":[{"href":"https:\/\/virtualhome360.pt\/es\/wp-json\/wp\/v2\/pages"}],"about":[{"href":"https:\/\/virtualhome360.pt\/es\/wp-json\/wp\/v2\/types\/page"}],"author":[{"embeddable":true,"href":"https:\/\/virtualhome360.pt\/es\/wp-json\/wp\/v2\/users\/1"}],"replies":[{"embeddable":true,"href":"https:\/\/virtualhome360.pt\/es\/wp-json\/wp\/v2\/comments?post=12"}],"version-history":[{"count":6,"href":"https:\/\/virtualhome360.pt\/es\/wp-json\/wp\/v2\/pages\/12\/revisions"}],"predecessor-version":[{"id":25957842,"href":"https:\/\/virtualhome360.pt\/es\/wp-json\/wp\/v2\/pages\/12\/revisions\/25957842"}],"wp:featuredmedia":[{"embeddable":true,"href":"https:\/\/virtualhome360.pt\/es\/wp-json\/wp\/v2\/media\/25957229"}],"wp:attachment":[{"href":"https:\/\/virtualhome360.pt\/es\/wp-json\/wp\/v2\/media?parent=12"}],"curies":[{"name":"wp","href":"https:\/\/api.w.org\/{rel}","templated":true}]}}