{"id":25905423,"date":"2024-09-25T11:24:24","date_gmt":"2024-09-25T10:24:24","guid":{"rendered":"https:\/\/virtualhome360.pt\/?page_id=25905423"},"modified":"2025-12-31T15:38:31","modified_gmt":"2025-12-31T15:38:31","slug":"editor-360","status":"publish","type":"page","link":"https:\/\/virtualhome360.pt\/es\/editor-360\/","title":{"rendered":"Editor 360"},"content":{"rendered":"<div class=\"et_pb_section_0 et_pb_section et_section_specialty et_pb_equal_columns et_pb_gutters3 et_block_section\"><div class=\"et_pb_row et_block_row\"><div class=\"et_pb_column_0 et_pb_column et_pb_specialty_column et_pb_column_1_2 et_block_column et_pb_css_mix_blend_mode_passthrough\"><div class=\"et_pb_row_inner_0 et_pb_row_inner et_block_row\"><div class=\"et_pb_column_inner_0 et_pb_column_inner et_pb_column et_pb_column_4_4 et-last-child et_block_column et_pb_css_mix_blend_mode_passthrough\"><div class=\"et_pb_text_0 et_pb_text et_pb_bg_layout_light et_pb_module et_block_module et_pb_text_align_left-phone\"><div class=\"et_pb_text_inner\"><h3>Editor 360 (en ingl\u00e9s).<\/h3>\n<\/div><\/div><div class=\"et_pb_text_1 et_pb_text et_pb_bg_layout_light et_pb_module et_block_module et_pb_text_align_left-phone\"><div class=\"et_pb_text_inner\"><p>Un editor de fotos e im\u00e1genes para todo el trabajo<\/p>\n<\/div><\/div><div class=\"et_pb_text_2 et_pb_text et_pb_bg_layout_light et_pb_module et_block_module\"><div class=\"et_pb_text_inner\"><p>O <strong>Editor 360<\/strong> Es un editor gratuito en el que puedes transformar tus fotos y crear nuevas im\u00e1genes. <span>Puede cortar, rotar o cambiar el tama\u00f1o de las im\u00e1genes con unos pocos clics. Los filtros de imagen son muy f\u00e1ciles de usar y le permiten agregar hermosos efectos a sus fotos. A\u00f1ade texto, im\u00e1genes, formas, marcos, iconos y otros elementos. Aprovecha la librer\u00eda de plantillas para crear posts para diferentes redes sociales.<\/span><\/p>\n<p>Lleva la calidad de tus fotos al siguiente nivel gracias al <a href=\"#ai\">Automatizaciones inteligentes (AI)<\/a> integrado.<span><\/span><\/p>\n<p><span><\/span><\/p>\n<\/div><\/div><\/div><\/div><div class=\"et_pb_row_inner_1 et_pb_row_inner et_block_row\"><div class=\"et_pb_column_inner_1 et_pb_column_inner et_pb_column et_pb_column_1_4 et_block_column et_pb_css_mix_blend_mode_passthrough\"><div class=\"et_pb_module et_pb_button_module_wrapper et_pb_button_0_wrapper\"><a class=\"et_pb_button_0 et_pb_button et_pb_bg_layout_light et_pb_module et_block_module\" href=\"https:\/\/loja.virtualhome360.pt\/?page=editor360\" target=\"_blank\" id=\"dipi_popup_id_25905075\">Editor de lanzamiento 360<\/a><\/div><\/div><div class=\"et_pb_column_inner_2 et_pb_column_inner et_pb_column et_pb_column_1_4 et-last-child et_block_column et_pb_css_mix_blend_mode_passthrough\"><div class=\"et_pb_module et_pb_button_module_wrapper et_pb_button_1_wrapper\"><a class=\"et_pb_button_1 et_pb_button et_pb_bg_layout_light et_pb_module et_block_module\" href=\"https:\/\/loja.virtualhome360.pt\/produto\/creditos-ai-para-o-editor-360\/\" target=\"_blank\">Comprar cr\u00e9ditos de IA<\/a><\/div><\/div><\/div><\/div><div class=\"et_pb_column_1 et_pb_column et_pb_column_single et_pb_column_1_2 et-last-child et_block_column et_pb_css_mix_blend_mode_passthrough\"><div class=\"et_pb_image_0 et_pb_image et_pb_module et_block_module\"><a href=\"https:\/\/virtualhome360.pt\/wp-content\/uploads\/2024\/09\/Editor360_templates_PT_copy.jpeg\" class=\"et_pb_lightbox_image\"><span class=\"et_pb_image_wrap\"><img loading=\"lazy\" decoding=\"async\" src=\"https:\/\/virtualhome360.pt\/wp-content\/uploads\/2024\/09\/Editor360_templates_PT_copy.jpeg\" width=\"1017\" height=\"669\" srcset=\"https:\/\/virtualhome360.pt\/wp-content\/uploads\/2024\/09\/Editor360_templates_PT_copy.jpeg 1017w, https:\/\/virtualhome360.pt\/wp-content\/uploads\/2024\/09\/Editor360_templates_PT_copy-980x645.jpeg 980w, https:\/\/virtualhome360.pt\/wp-content\/uploads\/2024\/09\/Editor360_templates_PT_copy-480x316.jpeg 480w\" sizes=\"(min-width: 0px) and (max-width: 480px) 480px, (min-width: 481px) and (max-width: 980px) 980px, (min-width: 981px) 1017px, 100vw\" class=\"wp-image-25905429\" title=\"Editor360_templates_ES_copy\" \/><\/span><\/a><\/div><div class=\"et_pb_module et_pb_button_module_wrapper et_pb_button_2_wrapper\"><a class=\"et_pb_button_2 et_pb_button et_pb_bg_layout_light et_pb_module et_block_module\" href=\"https:\/\/loja.virtualhome360.pt\/?page=editor360\" target=\"_blank\" id=\"dipi_popup_id_25905075\">Editor de lanzamiento 360<\/a><\/div><\/div><\/div><\/div><div class=\"et_pb_section_1 et_pb_section et_section_specialty et_pb_equal_columns et_pb_gutters3 et_block_section\" id=\"ai\"><div class=\"et_pb_row et_block_row\"><div class=\"et_pb_column_2 et_pb_column et_pb_specialty_column et_pb_column_1_2 et_block_column et_pb_css_mix_blend_mode_passthrough\"><div class=\"et_pb_row_inner_2 et_pb_row_inner et_pb_equal_columns et_block_row\"><div class=\"et_pb_column_inner_3 et_pb_column_inner et_pb_column et_pb_column_4_4 et-last-child et_block_column et_pb_css_mix_blend_mode_passthrough\"><div class=\"et_pb_text_3 et_pb_text et_pb_bg_layout_light et_pb_module et_block_module et_pb_text_align_left-phone\"><div class=\"et_pb_text_inner\"><h3>Automatizaci\u00f3n inteligente (AI).<\/h3>\n<\/div><\/div><div class=\"et_pb_text_4 et_pb_text et_pb_bg_layout_light et_pb_module et_block_module et_pb_text_align_left-phone\"><div class=\"et_pb_text_inner\"><p>Mejora tus fotos, autom\u00e1ticamente<\/p>\n<\/div><\/div><div class=\"et_pb_text_5 et_pb_text et_pb_bg_layout_light et_pb_module et_block_module\"><div class=\"et_pb_text_inner\"><p>Las ediciones fotogr\u00e1ficas complejas son posibles para cualquier tipo de usuario gracias a las automa\u00e7\u00f5es inteligentes (AI) integradas en Editor 360.<\/p>\n<p>Las automatizaciones inteligentes (AI) est\u00e1n disponibles para los clientes registrados en la tienda Virtual Home 360 a trav\u00e9s de cr\u00e9ditos precomprados.<\/p>\n<\/div><\/div><\/div><\/div><div class=\"et_pb_row_inner_3 et_pb_row_inner et_block_row\"><div class=\"et_pb_column_inner_4 et_pb_column_inner et_pb_column et_pb_column_1_4 et_block_column et_pb_css_mix_blend_mode_passthrough\"><div class=\"et_pb_module et_pb_button_module_wrapper et_pb_button_3_wrapper\"><a class=\"et_pb_button_3 et_pb_button et_pb_bg_layout_light et_pb_module et_block_module\" href=\"https:\/\/loja.virtualhome360.pt\/?page=editor360\" target=\"_blank\" id=\"dipi_popup_id_25905075\">Editor de lanzamiento 360<\/a><\/div><\/div><div class=\"et_pb_column_inner_5 et_pb_column_inner et_pb_column et_pb_column_1_4 et-last-child et_block_column et_pb_css_mix_blend_mode_passthrough\"><div class=\"et_pb_module et_pb_button_module_wrapper et_pb_button_4_wrapper\"><a class=\"et_pb_button_4 et_pb_button et_pb_bg_layout_light et_pb_module et_block_module\" href=\"https:\/\/loja.virtualhome360.pt\/produto\/creditos-ai-para-o-editor-360\/\" target=\"_blank\">Comprar cr\u00e9ditos de IA<\/a><\/div><\/div><\/div><\/div><div class=\"et_pb_column_3 et_pb_column et_pb_column_single et_pb_column_1_2 et-last-child et_block_column et_pb_css_mix_blend_mode_passthrough\"><div class=\"et_pb_image_1 et_pb_image et_pb_module et_block_module\"><a href=\"https:\/\/virtualhome360.pt\/wp-content\/uploads\/2024\/09\/Editor_AI_copy.jpeg\" class=\"et_pb_lightbox_image\"><span class=\"et_pb_image_wrap\"><img loading=\"lazy\" decoding=\"async\" src=\"https:\/\/virtualhome360.pt\/wp-content\/uploads\/2024\/09\/Editor_AI_copy.jpeg\" width=\"1380\" height=\"781\" srcset=\"https:\/\/virtualhome360.pt\/wp-content\/uploads\/2024\/09\/Editor_AI_copy.jpeg 1380w, https:\/\/virtualhome360.pt\/wp-content\/uploads\/2024\/09\/Editor_AI_copy-1280x724.jpeg 1280w, https:\/\/virtualhome360.pt\/wp-content\/uploads\/2024\/09\/Editor_AI_copy-980x555.jpeg 980w, https:\/\/virtualhome360.pt\/wp-content\/uploads\/2024\/09\/Editor_AI_copy-480x272.jpeg 480w\" sizes=\"(min-width: 0px) and (max-width: 480px) 480px, (min-width: 481px) and (max-width: 980px) 980px, (min-width: 981px) and (max-width: 1280px) 1280px, (min-width: 1281px) 1380px, 100vw\" class=\"wp-image-25905467\" title=\"Editor_AI_copia\" \/><\/span><\/a><\/div><div class=\"et_pb_module et_pb_button_module_wrapper et_pb_button_5_wrapper\"><a class=\"et_pb_button_5 et_pb_button et_pb_bg_layout_light et_pb_module et_block_module\" href=\"https:\/\/loja.virtualhome360.pt\/produto\/creditos-ai-para-o-editor-360\/\" target=\"_blank\">Comprar cr\u00e9ditos de IA<\/a><\/div><\/div><\/div><\/div><div class=\"et_pb_section_2 et_pb_section et_section_regular et_block_section\"><div class=\"et_pb_row_0 et_pb_row et_pb_equal_columns et_block_row\"><div class=\"et_pb_column_4 et_pb_column et_pb_column_1_3 et_block_column et_pb_css_mix_blend_mode_passthrough\"><div class=\"et_pb_text_6 et_pb_text et_pb_bg_layout_light et_pb_module et_block_module et_pb_text_align_left-phone\"><div class=\"et_pb_text_inner\"><p>Limpieza<\/p>\n<\/div><\/div><div class=\"dipi_before_after_slider_0 dipi_before_after_slider et_pb_bg_layout_light et_pb_module limpeza\"><div class=\"dipi_before_after_slider_container  triangle-handle_icon show_on_hover-overlay\" data-options=\"{&quot;before_image&quot;:&quot;https:\\\/\\\/virtualhome360.pt\\\/wp-content\\\/uploads\\\/2024\\\/09\\\/Cleanup_antes_copy.jpeg&quot;,&quot;before_image_alt&quot;:&quot;&quot;,&quot;before_label&quot;:&quot;Antes&quot;,&quot;after_image&quot;:&quot;https:\\\/\\\/virtualhome360.pt\\\/wp-content\\\/uploads\\\/2024\\\/09\\\/Cleanup_depois_copy.jpeg&quot;,&quot;after_image_alt&quot;:&quot;&quot;,&quot;after_label&quot;:&quot;Depois&quot;,&quot;offset&quot;:&quot;65&quot;,&quot;direction&quot;:&quot;horizontal&quot;,&quot;move_slider&quot;:&quot;on_click&quot;}\">\n            <\/div><\/div><\/div><div class=\"et_pb_column_5 et_pb_column et_pb_column_1_3 et_block_column et_pb_css_mix_blend_mode_passthrough\"><div class=\"et_pb_text_7 et_pb_text et_pb_bg_layout_light et_pb_module et_block_module et_pb_text_align_left-phone\"><div class=\"et_pb_text_inner\"><p>Eliminar el Fondo<\/p>\n<\/div><\/div><div class=\"dipi_before_after_slider_1 dipi_before_after_slider et_pb_bg_layout_light et_pb_module removerfundo\"><div class=\"dipi_before_after_slider_container  triangle-handle_icon show_on_hover-overlay\" data-options=\"{&quot;before_image&quot;:&quot;https:\\\/\\\/virtualhome360.pt\\\/wp-content\\\/uploads\\\/2024\\\/09\\\/BG-Removal_antes_copy.jpeg&quot;,&quot;before_image_alt&quot;:&quot;&quot;,&quot;before_label&quot;:&quot;Antes&quot;,&quot;after_image&quot;:&quot;https:\\\/\\\/virtualhome360.pt\\\/wp-content\\\/uploads\\\/2024\\\/09\\\/BG-Removal_depois_copy.jpeg&quot;,&quot;after_image_alt&quot;:&quot;&quot;,&quot;after_label&quot;:&quot;Depois&quot;,&quot;offset&quot;:&quot;65&quot;,&quot;direction&quot;:&quot;horizontal&quot;,&quot;move_slider&quot;:&quot;on_click&quot;}\">\n            <\/div><\/div><\/div><div class=\"et_pb_column_6 et_pb_column et_pb_column_1_3 et-last-child et_block_column et_pb_css_mix_blend_mode_passthrough\"><div class=\"et_pb_text_8 et_pb_text et_pb_bg_layout_light et_pb_module et_block_module et_pb_text_align_left-phone\"><div class=\"et_pb_text_inner\"><p>Upscaler<\/p>\n<\/div><\/div><div class=\"dipi_before_after_slider_2 dipi_before_after_slider et_pb_bg_layout_light et_pb_module removerfundo\"><div class=\"dipi_before_after_slider_container  triangle-handle_icon show_on_hover-overlay\" data-options=\"{&quot;before_image&quot;:&quot;https:\\\/\\\/virtualhome360.pt\\\/wp-content\\\/uploads\\\/2024\\\/09\\\/Upscale_E360_antes_hifi_copy.jpeg&quot;,&quot;before_image_alt&quot;:&quot;&quot;,&quot;before_label&quot;:&quot;Antes&quot;,&quot;after_image&quot;:&quot;https:\\\/\\\/virtualhome360.pt\\\/wp-content\\\/uploads\\\/2024\\\/09\\\/Upscale_E360_depois_hifi_copy.jpeg&quot;,&quot;after_image_alt&quot;:&quot;&quot;,&quot;after_label&quot;:&quot;Depois&quot;,&quot;offset&quot;:&quot;65&quot;,&quot;direction&quot;:&quot;horizontal&quot;,&quot;move_slider&quot;:&quot;on_click&quot;}\">\n            <\/div><\/div><\/div><\/div><\/div><div class=\"et_pb_section_3 et_pb_section et_section_regular et_block_section\"><div class=\"et_pb_row_1 et_pb_row et_block_row\"><div class=\"et_pb_column_7 et_pb_column et_pb_column_4_4 et-last-child et_block_column et_pb_css_mix_blend_mode_passthrough\"><div class=\"et_pb_text_9 et_pb_text et_pb_bg_layout_light et_pb_module et_block_module et_pb_text_align_center\"><div class=\"et_pb_text_inner\"><p>Disponible pronto...<\/p>\n<\/div><\/div><\/div><\/div><div class=\"et_pb_row_2 et_pb_row et_pb_equal_columns et_block_row\"><div class=\"et_pb_column_8 et_pb_column et_pb_column_1_3 et_block_column et_pb_css_mix_blend_mode_passthrough\"><div class=\"et_pb_text_10 et_pb_text et_pb_bg_layout_light et_pb_module et_block_module et_pb_text_align_left-phone\"><div class=\"et_pb_text_inner\"><p>Reemplazar el cielo<\/p>\n<\/div><\/div><div class=\"dipi_before_after_slider_3 dipi_before_after_slider et_pb_bg_layout_light et_pb_module limpeza\"><div class=\"dipi_before_after_slider_container  triangle-handle_icon show_on_hover-overlay\" data-options=\"{&quot;before_image&quot;:&quot;https:\\\/\\\/cdn.prod.website-files.com\\\/6151887923ecfa4ac66a9e69\\\/6523be3a4dd8dc8744975a6c_original.webp&quot;,&quot;before_image_alt&quot;:&quot;&quot;,&quot;before_label&quot;:&quot;Antes&quot;,&quot;after_image&quot;:&quot;https:\\\/\\\/cdn.prod.website-files.com\\\/6151887923ecfa4ac66a9e69\\\/6523be2f4dd8dc8744974b84_enhanced.webp&quot;,&quot;after_image_alt&quot;:&quot;&quot;,&quot;after_label&quot;:&quot;Depois&quot;,&quot;offset&quot;:&quot;65&quot;,&quot;direction&quot;:&quot;horizontal&quot;,&quot;move_slider&quot;:&quot;on_click&quot;}\">\n            <\/div><\/div><div class=\"et_pb_text_11 et_pb_text et_pb_bg_layout_light et_pb_module et_block_module et_pb_text_align_left-phone\"><div class=\"et_pb_text_inner\"><p>Afilado<\/p>\n<\/div><\/div><div class=\"dipi_before_after_slider_4 dipi_before_after_slider et_pb_bg_layout_light et_pb_module limpeza\"><div class=\"dipi_before_after_slider_container  triangle-handle_icon show_on_hover-overlay\" data-options=\"{&quot;before_image&quot;:&quot;https:\\\/\\\/cdn.prod.website-files.com\\\/6151887923ecfa4ac66a9e69\\\/633ee64598ba7708e6ca72ca_how%20to%20replace%20a%20sky%20interior%201.jpg&quot;,&quot;before_image_alt&quot;:&quot;&quot;,&quot;before_label&quot;:&quot;Antes&quot;,&quot;after_image&quot;:&quot;https:\\\/\\\/cdn.prod.website-files.com\\\/6151887923ecfa4ac66a9e69\\\/648b061a90b754e37dba7452_sharpening-interior-after-decompressed.jpeg&quot;,&quot;after_image_alt&quot;:&quot;&quot;,&quot;after_label&quot;:&quot;Depois&quot;,&quot;offset&quot;:&quot;65&quot;,&quot;direction&quot;:&quot;horizontal&quot;,&quot;move_slider&quot;:&quot;on_click&quot;}\">\n            <\/div><\/div><\/div><div class=\"et_pb_column_9 et_pb_column et_pb_column_1_3 et_block_column et_pb_css_mix_blend_mode_passthrough\"><div class=\"et_pb_text_12 et_pb_text et_pb_bg_layout_light et_pb_module et_block_module et_pb_text_align_left-phone\"><div class=\"et_pb_text_inner\"><p>Re-iluminaci\u00f3n<\/p>\n<\/div><\/div><div class=\"dipi_before_after_slider_5 dipi_before_after_slider et_pb_bg_layout_light et_pb_module removerfundo\"><div class=\"dipi_before_after_slider_container  triangle-handle_icon show_on_hover-overlay\" data-options=\"{&quot;before_image&quot;:&quot;https:\\\/\\\/cdn.prod.website-files.com\\\/6151887923ecfa4ac66a9e69\\\/648addfdc424132d4e1f23a0_lighting-before-decompressed.jpeg&quot;,&quot;before_image_alt&quot;:&quot;&quot;,&quot;before_label&quot;:&quot;Antes&quot;,&quot;after_image&quot;:&quot;https:\\\/\\\/cdn.prod.website-files.com\\\/6151887923ecfa4ac66a9e69\\\/648addfdca83e0420d9b8dae_lighting-after-decompressed.jpeg&quot;,&quot;after_image_alt&quot;:&quot;&quot;,&quot;after_label&quot;:&quot;Depois&quot;,&quot;offset&quot;:&quot;65&quot;,&quot;direction&quot;:&quot;horizontal&quot;,&quot;move_slider&quot;:&quot;on_click&quot;}\">\n            <\/div><\/div><div class=\"et_pb_text_13 et_pb_text et_pb_bg_layout_light et_pb_module et_block_module et_pb_text_align_left-phone\"><div class=\"et_pb_text_inner\"><p>Contraste &amp; Brillo<\/p>\n<\/div><\/div><div class=\"dipi_before_after_slider_6 dipi_before_after_slider et_pb_bg_layout_light et_pb_module removerfundo\"><div class=\"dipi_before_after_slider_container  triangle-handle_icon show_on_hover-overlay\" data-options=\"{&quot;before_image&quot;:&quot;https:\\\/\\\/cdn.prod.website-files.com\\\/6151887923ecfa4ac66a9e69\\\/648b04d2ca83e0420dce9b76_exterior-1-before-decompressed.jpeg&quot;,&quot;before_image_alt&quot;:&quot;&quot;,&quot;before_label&quot;:&quot;Antes&quot;,&quot;after_image&quot;:&quot;https:\\\/\\\/cdn.prod.website-files.com\\\/6151887923ecfa4ac66a9e69\\\/648b04d202810d848d51a954_exterior-1-after-decompressed.jpeg&quot;,&quot;after_image_alt&quot;:&quot;&quot;,&quot;after_label&quot;:&quot;Depois&quot;,&quot;offset&quot;:&quot;65&quot;,&quot;direction&quot;:&quot;horizontal&quot;,&quot;move_slider&quot;:&quot;on_click&quot;}\">\n            <\/div><\/div><div class=\"et_pb_text_14 et_pb_text et_pb_bg_layout_light et_pb_module et_block_module et_pb_text_align_left-phone\"><div class=\"et_pb_text_inner\"><p>Correcci\u00f3n de la lente<\/p>\n<\/div><\/div><div class=\"dipi_before_after_slider_7 dipi_before_after_slider et_pb_bg_layout_light et_pb_module removerfundo\"><div class=\"dipi_before_after_slider_container  triangle-handle_icon show_on_hover-overlay\" data-options=\"{&quot;before_image&quot;:&quot;https:\\\/\\\/cdn.prod.website-files.com\\\/6151887923ecfa4ac66a9e69\\\/648b08436c902afee36c1644_lens2-after-decompressed.jpeg&quot;,&quot;before_image_alt&quot;:&quot;&quot;,&quot;before_label&quot;:&quot;Antes&quot;,&quot;after_image&quot;:&quot;https:\\\/\\\/cdn.prod.website-files.com\\\/6151887923ecfa4ac66a9e69\\\/648b084360a6ff58e721544a_lens2-before-decompressed.jpeg&quot;,&quot;after_image_alt&quot;:&quot;&quot;,&quot;after_label&quot;:&quot;Depois&quot;,&quot;offset&quot;:&quot;65&quot;,&quot;direction&quot;:&quot;horizontal&quot;,&quot;move_slider&quot;:&quot;on_click&quot;}\">\n            <\/div><\/div><\/div><div class=\"et_pb_column_10 et_pb_column et_pb_column_1_3 et-last-child et_block_column et_pb_css_mix_blend_mode_passthrough\"><div class=\"et_pb_text_15 et_pb_text et_pb_bg_layout_light et_pb_module et_block_module et_pb_text_align_left-phone\"><div class=\"et_pb_text_inner\"><p>Perspectiva correcta<\/p>\n<\/div><\/div><div class=\"dipi_before_after_slider_8 dipi_before_after_slider et_pb_bg_layout_light et_pb_module removerfundo\"><div class=\"dipi_before_after_slider_container  triangle-handle_icon show_on_hover-overlay\" data-options=\"{&quot;before_image&quot;:&quot;https:\\\/\\\/cdn.prod.website-files.com\\\/6151887923ecfa4ac66a9e69\\\/648af679bbf1f3eaf637b1c3_perspective-before-decpmpressed.jpeg&quot;,&quot;before_image_alt&quot;:&quot;&quot;,&quot;before_label&quot;:&quot;Antes&quot;,&quot;after_image&quot;:&quot;https:\\\/\\\/cdn.prod.website-files.com\\\/6151887923ecfa4ac66a9e69\\\/648af67953618b1de30ab148_perspective-after-decompressed.jpeg&quot;,&quot;after_image_alt&quot;:&quot;&quot;,&quot;after_label&quot;:&quot;Depois&quot;,&quot;offset&quot;:&quot;65&quot;,&quot;direction&quot;:&quot;horizontal&quot;,&quot;move_slider&quot;:&quot;on_click&quot;}\">\n            <\/div><\/div><div class=\"et_pb_text_16 et_pb_text et_pb_bg_layout_light et_pb_module et_block_module et_pb_text_align_left-phone\"><div class=\"et_pb_text_inner\"><p>Balance de blancos<\/p>\n<\/div><\/div><div class=\"dipi_before_after_slider_9 dipi_before_after_slider et_pb_bg_layout_light et_pb_module removerfundo\"><div class=\"dipi_before_after_slider_container  triangle-handle_icon show_on_hover-overlay\" data-options=\"{&quot;before_image&quot;:&quot;https:\\\/\\\/cdn.prod.website-files.com\\\/6151887923ecfa4ac66a9e69\\\/648b073abbf1f3eaf64c89ee_wb2-after-decompressed.jpeg&quot;,&quot;before_image_alt&quot;:&quot;&quot;,&quot;before_label&quot;:&quot;Antes&quot;,&quot;after_image&quot;:&quot;https:\\\/\\\/cdn.prod.website-files.com\\\/6151887923ecfa4ac66a9e69\\\/648b073a45910495410f28ae_wb2-before-decompressed.jpeg&quot;,&quot;after_image_alt&quot;:&quot;&quot;,&quot;after_label&quot;:&quot;Depois&quot;,&quot;offset&quot;:&quot;65&quot;,&quot;direction&quot;:&quot;horizontal&quot;,&quot;move_slider&quot;:&quot;on_click&quot;}\">\n            <\/div><\/div><\/div><\/div><\/div>","protected":false},"excerpt":{"rendered":"<p>Editor 360 es un editor gratuito en el que puedes transformar tus fotos y crear nuevas im\u00e1genes.<\/p>","protected":false},"author":1,"featured_media":25905445,"parent":0,"menu_order":0,"comment_status":"closed","ping_status":"closed","template":"","meta":{"footnotes":""},"class_list":["post-25905423","page","type-page","status-publish","has-post-thumbnail","hentry"],"_links":{"self":[{"href":"https:\/\/virtualhome360.pt\/es\/wp-json\/wp\/v2\/pages\/25905423","targetHints":{"allow":["GET"]}}],"collection":[{"href":"https:\/\/virtualhome360.pt\/es\/wp-json\/wp\/v2\/pages"}],"about":[{"href":"https:\/\/virtualhome360.pt\/es\/wp-json\/wp\/v2\/types\/page"}],"author":[{"embeddable":true,"href":"https:\/\/virtualhome360.pt\/es\/wp-json\/wp\/v2\/users\/1"}],"replies":[{"embeddable":true,"href":"https:\/\/virtualhome360.pt\/es\/wp-json\/wp\/v2\/comments?post=25905423"}],"version-history":[{"count":0,"href":"https:\/\/virtualhome360.pt\/es\/wp-json\/wp\/v2\/pages\/25905423\/revisions"}],"wp:featuredmedia":[{"embeddable":true,"href":"https:\/\/virtualhome360.pt\/es\/wp-json\/wp\/v2\/media\/25905445"}],"wp:attachment":[{"href":"https:\/\/virtualhome360.pt\/es\/wp-json\/wp\/v2\/media?parent=25905423"}],"curies":[{"name":"wp","href":"https:\/\/api.w.org\/{rel}","templated":true}]}}